{"id":288,"date":"2024-07-20T22:29:14","date_gmt":"2024-07-20T13:29:14","guid":{"rendered":"https:\/\/oito-mares.co.jp\/?page_id=288"},"modified":"2025-01-14T22:12:48","modified_gmt":"2025-01-14T13:12:48","slug":"top","status":"publish","type":"page","link":"https:\/\/oito-mares.co.jp\/","title":{"rendered":"\u30c8\u30c3\u30d7"},"content":{"rendered":"\n<figure class=\"wp-block-image size-large is-resized kotei\"><a href=\"https:\/\/oito-mares.co.jp\/?page_id=540&amp;lang=en\"><img loading=\"lazy\" decoding=\"async\" width=\"1024\" height=\"307\" src=\"https:\/\/oito-mares.co.jp\/wp-content\/uploads\/2024\/07\/2-1024x307.png\" alt=\"\" class=\"wp-image-503\" style=\"width:100px\" srcset=\"https:\/\/oito-mares.co.jp\/wp-content\/uploads\/2024\/07\/2-1024x307.png 1024w, https:\/\/oito-mares.co.jp\/wp-content\/uploads\/2024\/07\/2-300x90.png 300w, https:\/\/oito-mares.co.jp\/wp-content\/uploads\/2024\/07\/2-768x230.png 768w, https:\/\/oito-mares.co.jp\/wp-content\/uploads\/2024\/07\/2-1536x461.png 1536w, https:\/\/oito-mares.co.jp\/wp-content\/uploads\/2024\/07\/2.png 2000w\" sizes=\"auto, (max-width: 1024px) 100vw, 1024px\" \/><\/a><\/figure>\n\n\n\n<div class=\"wp-block-vk-blocks-slider swiper swiper-container vk_slider vk_slider_cbfa04d6-c7f8-4300-814e-2d0561f15283 alignfull\" data-vkb-slider=\"{&quot;autoPlay&quot;:true,&quot;autoPlayStop&quot;:false,&quot;autoPlayDelay&quot;:2500,&quot;pagination&quot;:&quot;hide&quot;,&quot;blockId&quot;:&quot;cbfa04d6-c7f8-4300-814e-2d0561f15283&quot;,&quot;width&quot;:&quot;full&quot;,&quot;loop&quot;:true,&quot;effect&quot;:&quot;fade&quot;,&quot;speed&quot;:750,&quot;slidesPerViewMobile&quot;:1,&quot;slidesPerViewTablet&quot;:1,&quot;slidesPerViewPC&quot;:1,&quot;slidesPerGroup&quot;:&quot;one-by-one&quot;,&quot;centeredSlides&quot;:false}\"><div class=\"swiper-wrapper\">\n<div class=\"wp-block-vk-blocks-slider-item vk_slider_item swiper-slide vk_valign-center vk_slider_item-14585727-3ccc-4f18-8215-4cf5a6c0575f  is-layout-constrained vk_slider_item-paddingVertical-none\" style=\"padding-right:0;padding-left:0\"><style>.vk_slider_item-14585727-3ccc-4f18-8215-4cf5a6c0575f{background-image: url(https:\/\/oito-mares.co.jp\/wp-content\/uploads\/2023\/08\/\u30b9\u30e9\u30a4\u30c9\u30da\u30fc\u30b8\u306e\u30b3\u30d4\u30fc-scaled.jpg); background-size:cover!important; background-position:center!important;}<\/style><div class=\"vk_slider_item-background-area has-background has-white-background-color has-background-dim has-background-dim-3\" style=\"padding-left:0;padding-right:0\"><\/div><div class=\"vk_slider_item_container container\">\n<p class=\"has-text-align-center vk_hidden-xs vk_hidden-sm has-text-color has-link-color wp-elements-9b4d6a27827d51713d4ce6c9bfa2cc58\" style=\"color:#073a48;font-size:2.5rem\"><strong>\u30d5\u30a1\u30df\u30ea\u30fc\u3082\u3001\u5358\u8eab\u8005\u3082\u3001\u5916\u56fd\u306e\u65b9\u3001\u6295\u8cc7\u5bb6\u3082\u3002<\/strong><\/p>\n\n\n\n<p class=\"has-text-align-center vk_hidden-xs vk_hidden-sm has-text-color has-link-color wp-elements-f010bfdf5367e3d88109926289fa1073\" style=\"color:#073a48;font-size:2.5rem\"><strong>\u30ef\u30af\u30ef\u30af\u3059\u308b\u7269\u4ef6\u63a2\u3057\u3092\u624b\u4f1d\u3044\u307e\u3059<\/strong><\/p>\n\n\n\n<p class=\"has-text-align-center vk_hidden-md vk_hidden-lg vk_hidden-xl-v2 vk_hidden-xxl vk_block-margin-0--margin-bottom has-text-color has-link-color wp-elements-946590f7e857145edb0a75848671c79d\" style=\"color:#073a48;font-size:20px\"><strong>\u30d5\u30a1\u30df\u30ea\u30fc\u3082\u3001\u5358\u8eab\u8005\u3082\u3001<\/strong><\/p>\n\n\n\n<p class=\"has-text-align-center vk_hidden-md vk_hidden-lg vk_hidden-xl-v2 vk_hidden-xxl vk_block-margin-0--margin-bottom has-text-color has-link-color wp-elements-30247e97c68b7824dd78de8f35cf2d6e\" style=\"color:#073a48;font-size:20px\"><strong>\u5916\u56fd\u306e\u65b9\u3001\u6295\u8cc7\u5bb6\u3082\u3002<\/strong><\/p>\n\n\n\n<p class=\"has-text-align-center vk_hidden-md vk_hidden-lg vk_hidden-xl-v2 vk_hidden-xxl has-text-color has-link-color wp-elements-3f168f655f1032a9aea85302ce351ddc\" style=\"color:#073a48;font-size:20px\"><strong>\u30ef\u30af\u30ef\u30af\u3059\u308b\u7269\u4ef6\u63a2\u3057\u3092\u624b\u4f1d\u3044\u307e\u3059<\/strong><\/p>\n<\/div><\/div>\n\n\n\n<div class=\"wp-block-vk-blocks-slider-item vk_slider_item swiper-slide vk_valign-center vk_slider_item-c4494189-da66-4e49-b9f1-214a3c546069  is-layout-constrained vk_slider_item-paddingVertical-none\" style=\"padding-right:0;padding-left:0\"><style>.vk_slider_item-c4494189-da66-4e49-b9f1-214a3c546069{background-image: url(https:\/\/oito-mares.co.jp\/wp-content\/uploads\/2024\/07\/\u898b\u51fa\u3057\u3092\u8ffd\u52a0-14.jpg); background-size:cover!important; background-position:center!important;}<\/style><div class=\"vk_slider_item-background-area has-background has-white-background-color has-background-dim has-background-dim-1\" style=\"padding-left:0;padding-right:0\"><\/div><div class=\"vk_slider_item_container container\">\n<p class=\"has-text-align-center vk_hidden-xs vk_hidden-sm has-text-color has-link-color wp-elements-f977252eb73c672d99e04427a67144a2\" style=\"color:#073a48;font-size:2.5rem\"><strong>\u65e5\u672c\u3067\u306e\u6bce\u65e5\u3092\u30b5\u30dd\u30fc\u30c8\u3059\u308b\u30d1\u30fc\u30c8\u30ca\u30fc<\/strong><\/p>\n\n\n\n<p class=\"has-text-align-center vk_hidden-md vk_hidden-lg vk_hidden-xl-v2 vk_hidden-xxl vk_block-margin-0--margin-bottom has-text-color has-link-color wp-elements-348773763912437ef4f8e34950ccbe78\" style=\"color:#073a48;font-size:24px\"><strong>\u65e5\u672c\u3067\u306e\u6bce\u65e5\u3092<\/strong><\/p>\n\n\n\n<p class=\"has-text-align-center vk_hidden-md vk_hidden-lg vk_hidden-xl-v2 vk_hidden-xxl has-text-color has-link-color wp-elements-7d7451e502cfd7396ad6cac473423595\" style=\"color:#073a48;font-size:24px\"><strong>\u30b5\u30dd\u30fc\u30c8\u3059\u308b\u30d1\u30fc\u30c8\u30ca\u30fc<\/strong><\/p>\n<\/div><\/div>\n<\/div><\/div><style type=\"text\/css\">@media (max-width: 575.98px) {\n\t\t\t\t.vk_slider_cbfa04d6-c7f8-4300-814e-2d0561f15283,\n\t\t\t\t.vk_slider_cbfa04d6-c7f8-4300-814e-2d0561f15283 .vk_slider_item{\n\t\t\t\t\theight:250px!important;\n\t\t\t\t}\n\t\t\t}@media (min-width: 576px) and (max-width: 991.98px) {\n\t\t\t\t.vk_slider_cbfa04d6-c7f8-4300-814e-2d0561f15283,\n\t\t\t\t.vk_slider_cbfa04d6-c7f8-4300-814e-2d0561f15283 .vk_slider_item{\n\t\t\t\t\theight:450px!important;\n\t\t\t\t}\n\t\t\t}@media (min-width: 992px) {\n\t\t\t\t.vk_slider_cbfa04d6-c7f8-4300-814e-2d0561f15283,\n\t\t\t\t.vk_slider_cbfa04d6-c7f8-4300-814e-2d0561f15283 .vk_slider_item{\n\t\t\t\t\theight:650px!important;\n\t\t\t\t}\n\t\t\t}<\/style>\n\n\n\n<div class=\"wp-block-vk-blocks-spacer vk_spacer\"><div class=\"vk_spacer-display-pc\" style=\"margin-top:150px\"><\/div><div class=\"vk_spacer-display-tablet\" style=\"margin-top:100px\"><\/div><div class=\"vk_spacer-display-mobile\" style=\"margin-top:100px\"><\/div><\/div>\n\n\n\n<div class=\"wp-block-cover alignfull has-parallax\" style=\"min-height:101px;aspect-ratio:unset;\"><span aria-hidden=\"true\" class=\"wp-block-cover__background has-black-background-color has-background-dim\"><\/span><div class=\"wp-block-cover__image-background wp-image-324 has-parallax\" style=\"background-position:50% 50%;background-image:url(https:\/\/oito-mares.co.jp\/wp-content\/uploads\/2024\/07\/\u898b\u51fa\u3057\u3092\u8ffd\u52a0-14.jpg)\"><\/div><div class=\"wp-block-cover__inner-container is-layout-constrained wp-block-cover-is-layout-constrained\">\n<p class=\"has-text-align-center has-huge-font-size\">\u4e8b\u696d\u6982\u8981<\/p>\n<\/div><\/div>\n\n\n\n<p><\/p>\n\n\n\n<div class=\"wp-block-vk-blocks-gridcolcard vk_gridcolcard vk_gridcolcard-c9f44d85-506f-414d-af3a-b5c0433eadfa vk_block-margin-lg--margin-bottom\">\n<div class=\"wp-block-vk-blocks-gridcolcard-item vk_gridcolcard_item vk_gridcolcard_item-noFooter has-background has-border-color has-white-background-color\" style=\"border-width:2px;border-color:#e5e5e5\"><a class=\"vk_gridcolcard_item_container\" style=\"padding-top:20px;padding-bottom:20px;padding-left:20px;padding-right:20px\" href=\"https:\/\/oito-mares.co.jp\/?page_id=290\">\n\n<div class=\"wp-block-vk-blocks-gridcolcard-item-header vk_gridcolcard_item_header\" style=\"aspect-ratio:1.618\/1;top:-20px;margin-left:-20px;margin-right:-20px\">\n\n<figure class=\"wp-block-image size-full\"><img loading=\"lazy\" decoding=\"async\" width=\"2460\" height=\"1477\" src=\"https:\/\/oito-mares.co.jp\/wp-content\/uploads\/2024\/07\/\u898b\u51fa\u3057\u3092\u8ffd\u52a0-22.jpg\" alt=\"\" class=\"wp-image-385\" srcset=\"https:\/\/oito-mares.co.jp\/wp-content\/uploads\/2024\/07\/\u898b\u51fa\u3057\u3092\u8ffd\u52a0-22.jpg 2460w, https:\/\/oito-mares.co.jp\/wp-content\/uploads\/2024\/07\/\u898b\u51fa\u3057\u3092\u8ffd\u52a0-22-300x180.jpg 300w, https:\/\/oito-mares.co.jp\/wp-content\/uploads\/2024\/07\/\u898b\u51fa\u3057\u3092\u8ffd\u52a0-22-1024x615.jpg 1024w, https:\/\/oito-mares.co.jp\/wp-content\/uploads\/2024\/07\/\u898b\u51fa\u3057\u3092\u8ffd\u52a0-22-768x461.jpg 768w, https:\/\/oito-mares.co.jp\/wp-content\/uploads\/2024\/07\/\u898b\u51fa\u3057\u3092\u8ffd\u52a0-22-1536x922.jpg 1536w, https:\/\/oito-mares.co.jp\/wp-content\/uploads\/2024\/07\/\u898b\u51fa\u3057\u3092\u8ffd\u52a0-22-2048x1230.jpg 2048w\" sizes=\"auto, (max-width: 2460px) 100vw, 2460px\" \/><\/figure>\n\n<\/div>\n\n\n<div class=\"wp-block-vk-blocks-gridcolcard-item-body vk_gridcolcard_item_body is-layout-flow wp-block-vk-blocks-gridcolcard-item-body-is-layout-flow\">\n\n<h4 class=\"wp-block-heading is-style-vk-heading-plain vk_block-margin-xs--margin-bottom has-vk-color-primary-color has-text-color has-link-color wp-elements-1e3e33566d5bea59938c83cd62c33d8e\" id=\"\u753b\u50cf\u30ea\u30f3\u30af\u7121\u3057\">\u4e0d\u52d5\u7523\u652f\u63f4\u4e8b\u696d<\/h4>\n\n\n<p>\u4e0d\u52d5\u7523\u306e\u8cfc\u5165\u3001\u58f2\u5374\u3001\u8cb7\u3044\u66ff\u3048\u3001\u571f\u5730\u6d3b\u7528\u3001\u8cc3\u8cb8\u4e8b\u696d\u306a\u3069\u3001\u3054\u8981\u671b\u306b\u5fdc\u3058\u3066\u4e0d\u52d5\u7523\u306b\u95a2\u3059\u308b\u8ab2\u984c\u89e3\u6c7a\u306e\u30b5\u30dd\u30fc\u30c8\u3092\u63d0\u4f9b\u3057\u307e\u3059\u3002<\/p>\n\n<\/div>\n\n\n<\/a><\/div>\n\n\n\n<div class=\"wp-block-vk-blocks-gridcolcard-item vk_gridcolcard_item vk_gridcolcard_item-noFooter has-background has-border-color has-white-background-color\" style=\"border-width:2px;border-color:#e5e5e5\"><a class=\"vk_gridcolcard_item_container\" style=\"padding-top:20px;padding-bottom:20px;padding-left:20px;padding-right:20px\" href=\"https:\/\/oito-mares.co.jp\/?page_id=1215\" target=\"_blank\" rel=\"noopener noreferrer\">\n\n<div class=\"wp-block-vk-blocks-gridcolcard-item-header vk_gridcolcard_item_header\" style=\"aspect-ratio:1.618\/1;top:-20px;margin-left:-20px;margin-right:-20px\">\n\n<figure class=\"wp-block-image size-full\"><img loading=\"lazy\" decoding=\"async\" width=\"2460\" height=\"1477\" src=\"https:\/\/oito-mares.co.jp\/wp-content\/uploads\/2024\/07\/\u898b\u51fa\u3057\u3092\u8ffd\u52a0-16.jpg\" alt=\"\" class=\"wp-image-366\" srcset=\"https:\/\/oito-mares.co.jp\/wp-content\/uploads\/2024\/07\/\u898b\u51fa\u3057\u3092\u8ffd\u52a0-16.jpg 2460w, https:\/\/oito-mares.co.jp\/wp-content\/uploads\/2024\/07\/\u898b\u51fa\u3057\u3092\u8ffd\u52a0-16-300x180.jpg 300w, https:\/\/oito-mares.co.jp\/wp-content\/uploads\/2024\/07\/\u898b\u51fa\u3057\u3092\u8ffd\u52a0-16-1024x615.jpg 1024w, https:\/\/oito-mares.co.jp\/wp-content\/uploads\/2024\/07\/\u898b\u51fa\u3057\u3092\u8ffd\u52a0-16-768x461.jpg 768w, https:\/\/oito-mares.co.jp\/wp-content\/uploads\/2024\/07\/\u898b\u51fa\u3057\u3092\u8ffd\u52a0-16-1536x922.jpg 1536w, https:\/\/oito-mares.co.jp\/wp-content\/uploads\/2024\/07\/\u898b\u51fa\u3057\u3092\u8ffd\u52a0-16-2048x1230.jpg 2048w\" sizes=\"auto, (max-width: 2460px) 100vw, 2460px\" \/><\/figure>\n\n<\/div>\n\n\n<div class=\"wp-block-vk-blocks-gridcolcard-item-body vk_gridcolcard_item_body is-layout-flow wp-block-vk-blocks-gridcolcard-item-body-is-layout-flow\">\n\n<h4 class=\"wp-block-heading is-style-vk-heading-plain vk_block-margin-xs--margin-bottom has-vk-color-primary-color has-text-color has-link-color wp-elements-de085244f5c91e0f54cd9327675afc67\" id=\"\u753b\u50cf\u30ea\u30f3\u30af\u7121\u3057\">\u5916\u56fd\u4eba\u751f\u6d3b\u652f\u63f4\u4e8b\u696d<\/h4>\n\n\n<p>\u65e5\u672c\u3067\u66ae\u3089\u3059\u3001\u6d3b\u8e8d\u3059\u308b\u5916\u56fd\u4eba\u306e\u7686\u69d8\u306e\u751f\u6d3b\u652f\u63f4\u3092\u30ef\u30f3\u30b9\u30c8\u30c3\u30d7\u3067\u652f\u63f4\u3057\u307e\u3059\u3002\u884c\u653f\u624b\u7d9a\u3001\u751f\u6d3b\u30a4\u30f3\u30d5\u30e9\u3001\u4f4f\u5c45\u63a2\u3057\u7b49\u4f55\u3067\u3082\u3054\u76f8\u8ac7\u304f\u3060\u3055\u3044\u3002<\/p>\n\n<\/div>\n\n\n<\/a><\/div>\n\n\n\n<div class=\"wp-block-vk-blocks-gridcolcard-item vk_gridcolcard_item vk_gridcolcard_item-noFooter has-background has-border-color has-white-background-color\" style=\"border-width:2px;border-color:#e5e5e5\"><a class=\"vk_gridcolcard_item_container\" style=\"padding-top:20px;padding-bottom:20px;padding-left:20px;padding-right:20px\" href=\"https:\/\/oito-mares.co.jp\/?page_id=294\">\n\n<div class=\"wp-block-vk-blocks-gridcolcard-item-header vk_gridcolcard_item_header\" style=\"aspect-ratio:1.618\/1;top:-20px;margin-left:-20px;margin-right:-20px\">\n\n<figure class=\"wp-block-image size-full\"><img loading=\"lazy\" decoding=\"async\" width=\"2460\" height=\"1477\" src=\"https:\/\/oito-mares.co.jp\/wp-content\/uploads\/2024\/07\/\u898b\u51fa\u3057\u3092\u8ffd\u52a0-23.jpg\" alt=\"\" class=\"wp-image-386\" srcset=\"https:\/\/oito-mares.co.jp\/wp-content\/uploads\/2024\/07\/\u898b\u51fa\u3057\u3092\u8ffd\u52a0-23.jpg 2460w, https:\/\/oito-mares.co.jp\/wp-content\/uploads\/2024\/07\/\u898b\u51fa\u3057\u3092\u8ffd\u52a0-23-300x180.jpg 300w, https:\/\/oito-mares.co.jp\/wp-content\/uploads\/2024\/07\/\u898b\u51fa\u3057\u3092\u8ffd\u52a0-23-1024x615.jpg 1024w, https:\/\/oito-mares.co.jp\/wp-content\/uploads\/2024\/07\/\u898b\u51fa\u3057\u3092\u8ffd\u52a0-23-768x461.jpg 768w, https:\/\/oito-mares.co.jp\/wp-content\/uploads\/2024\/07\/\u898b\u51fa\u3057\u3092\u8ffd\u52a0-23-1536x922.jpg 1536w, https:\/\/oito-mares.co.jp\/wp-content\/uploads\/2024\/07\/\u898b\u51fa\u3057\u3092\u8ffd\u52a0-23-2048x1230.jpg 2048w\" sizes=\"auto, (max-width: 2460px) 100vw, 2460px\" \/><\/figure>\n\n<\/div>\n\n\n<div class=\"wp-block-vk-blocks-gridcolcard-item-body vk_gridcolcard_item_body is-layout-flow wp-block-vk-blocks-gridcolcard-item-body-is-layout-flow\">\n\n<h4 class=\"wp-block-heading is-style-vk-heading-plain vk_block-margin-xs--margin-bottom has-vk-color-primary-color has-text-color has-link-color wp-elements-558e9fad5ff0a0d3c6452270ae727f6e\" id=\"\u753b\u50cf\u30ea\u30f3\u30af\u7121\u3057\">\u6d77\u5916\u8f38\u51fa\u5165\u652f\u63f4\u4e8b\u696d<\/h4>\n\n\n<p>\u6d77\u5916\u3068\u306e\u5546\u6750\u30fb\u30d7\u30ed\u30c0\u30af\u30c8\u8f38\u51fa\u5165\u5b9f\u73fe\u306b\u5411\u3051\u305f\u3001\u5404\u7a2e\u624b\u7d9a\u304d\u306e\u652f\u63f4\u3092\u63d0\u4f9b\u3057\u3066\u3044\u307e\u3059\u3002\u4e3b\u306b\u30dd\u30eb\u30c8\u30ac\u30eb\u8a9e\u570f\u8af8\u56fd\u4f01\u696d\u3068\u306e\u3084\u308a\u3068\u308a\u306f\u304a\u4efb\u305b\u304f\u3060\u3055\u3044\u3002\u3000<\/p>\n\n<\/div>\n\n\n<\/a><\/div>\n<style>\n\t\t\t\t.vk_gridcolcard-c9f44d85-506f-414d-af3a-b5c0433eadfa {\n\t\t\t\t\tgrid-template-columns:repeat(auto-fit, minmax(200px, 1fr));\n\t\t\t\t\tgap:20px;\n\t\t\t\t}\n\t\t\t\t@media (min-width: 576px) {\n\t\t\t\t\t.vk_gridcolcard-c9f44d85-506f-414d-af3a-b5c0433eadfa {\n\t\t\t\t\t\tgrid-template-columns:repeat(auto-fit, minmax(200px, 1fr));\n\t\t\t\t\t}\n\t\t\t\t}\n\t\t\t\t@media (min-width: 992px) {\n\t\t\t\t\t.vk_gridcolcard-c9f44d85-506f-414d-af3a-b5c0433eadfa {\n\t\t\t\t\t\tgrid-template-columns:repeat(auto-fit, minmax(200px, 1fr));\n\t\t\t\t\t}\n\t\t\t\t}\n\t\t\t\t<\/style><\/div>\n\n\n\n<div class=\"wp-block-vk-blocks-spacer vk_spacer\"><div class=\"vk_spacer-display-pc\" style=\"margin-top:100px\"><\/div><div class=\"vk_spacer-display-tablet\" style=\"margin-top:100px\"><\/div><div class=\"vk_spacer-display-mobile\" style=\"margin-top:50px\"><\/div><\/div>\n\n\n\n<div class=\"wp-block-cover alignfull has-parallax\" style=\"min-height:134px;aspect-ratio:unset;\"><span aria-hidden=\"true\" class=\"wp-block-cover__background has-black-background-color has-background-dim\"><\/span><div class=\"wp-block-cover__image-background wp-image-386 has-parallax\" style=\"background-position:50% 50%;background-image:url(https:\/\/oito-mares.co.jp\/wp-content\/uploads\/2024\/07\/\u898b\u51fa\u3057\u3092\u8ffd\u52a0-23.jpg)\"><\/div><div class=\"wp-block-cover__inner-container is-layout-constrained wp-block-cover-is-layout-constrained\">\n<p class=\"has-text-align-center has-huge-font-size\">What&#8217;s new<\/p>\n<\/div><\/div>\n\n\n<ul class=\"wp-block-latest-posts__list has-dates wp-block-latest-posts\"><li><div class=\"wp-block-latest-posts__featured-image alignleft\"><a href=\"https:\/\/oito-mares.co.jp\/?p=2180\" aria-label=\"&lt;English&gt;How to Rent a Foreign-Friendly Apartment in Japan: Costs, Process, and Tips\"><img loading=\"lazy\" decoding=\"async\" width=\"300\" height=\"200\" src=\"https:\/\/oito-mares.co.jp\/wp-content\/uploads\/2025\/06\/1098052_s-300x200.jpg\" class=\"attachment-medium size-medium wp-post-image\" alt=\"\" style=\"max-width:75px;max-height:75px;\" srcset=\"https:\/\/oito-mares.co.jp\/wp-content\/uploads\/2025\/06\/1098052_s-300x200.jpg 300w, https:\/\/oito-mares.co.jp\/wp-content\/uploads\/2025\/06\/1098052_s.jpg 640w\" sizes=\"auto, (max-width: 300px) 100vw, 300px\" \/><\/a><\/div><a class=\"wp-block-latest-posts__post-title\" href=\"https:\/\/oito-mares.co.jp\/?p=2180\">&lt;English>How to Rent a Foreign-Friendly Apartment in Japan: Costs, Process, and Tips<\/a><time datetime=\"2025-06-24T11:31:30+09:00\" class=\"wp-block-latest-posts__post-date\">2025\u5e746\u670824\u65e5<\/time><div class=\"wp-block-latest-posts__post-excerpt\">It\u2019s time to rent&#8230;..what is the initial cost for rent? After a period in a hotel, dormitory, or company  [&hellip;]<\/div><\/li>\n<li><div class=\"wp-block-latest-posts__featured-image alignleft\"><a href=\"https:\/\/oito-mares.co.jp\/?p=2076\" aria-label=\"&lt;English&gt;Renting an Apartment in Japan: Real Challenges Foreigners Still Face\"><img loading=\"lazy\" decoding=\"async\" width=\"300\" height=\"200\" src=\"https:\/\/oito-mares.co.jp\/wp-content\/uploads\/2025\/05\/22040100_s-300x200.jpg\" class=\"attachment-medium size-medium wp-post-image\" alt=\"\" style=\"max-width:75px;max-height:75px;\" srcset=\"https:\/\/oito-mares.co.jp\/wp-content\/uploads\/2025\/05\/22040100_s-300x200.jpg 300w, https:\/\/oito-mares.co.jp\/wp-content\/uploads\/2025\/05\/22040100_s.jpg 640w\" sizes=\"auto, (max-width: 300px) 100vw, 300px\" \/><\/a><\/div><a class=\"wp-block-latest-posts__post-title\" href=\"https:\/\/oito-mares.co.jp\/?p=2076\">&lt;English>Renting an Apartment in Japan: Real Challenges Foreigners Still Face<\/a><time datetime=\"2025-05-22T20:24:46+09:00\" class=\"wp-block-latest-posts__post-date\">2025\u5e745\u670822\u65e5<\/time><div class=\"wp-block-latest-posts__post-excerpt\">An Overview of the Rental Situation for Foreign Residents in Japan Searching for rental housing in Japan as a  [&hellip;]<\/div><\/li>\n<li><div class=\"wp-block-latest-posts__featured-image alignleft\"><a href=\"https:\/\/oito-mares.co.jp\/?p=1945\" aria-label=\"&lt;Portugu\u00eas&gt; Como \u00e9 viver no Jap\u00e3o?\"><img loading=\"lazy\" decoding=\"async\" width=\"300\" height=\"300\" src=\"https:\/\/oito-mares.co.jp\/wp-content\/uploads\/2025\/01\/DALL\u00b7E-2025-01-04-17.58.20-A-gentle-and-symbolic-illustration-of-cultural-adaptation-featuring-a-Brazilian-woman-walking-in-a-cosmopolitan-cityscape-that-subtly-blends-Tokyo-an-300x300.webp\" class=\"attachment-medium size-medium wp-post-image\" alt=\"\" style=\"max-width:75px;max-height:75px;\" srcset=\"https:\/\/oito-mares.co.jp\/wp-content\/uploads\/2025\/01\/DALL\u00b7E-2025-01-04-17.58.20-A-gentle-and-symbolic-illustration-of-cultural-adaptation-featuring-a-Brazilian-woman-walking-in-a-cosmopolitan-cityscape-that-subtly-blends-Tokyo-an-300x300.webp 300w, https:\/\/oito-mares.co.jp\/wp-content\/uploads\/2025\/01\/DALL\u00b7E-2025-01-04-17.58.20-A-gentle-and-symbolic-illustration-of-cultural-adaptation-featuring-a-Brazilian-woman-walking-in-a-cosmopolitan-cityscape-that-subtly-blends-Tokyo-an-e1750735111264-150x150.webp 150w, https:\/\/oito-mares.co.jp\/wp-content\/uploads\/2025\/01\/DALL\u00b7E-2025-01-04-17.58.20-A-gentle-and-symbolic-illustration-of-cultural-adaptation-featuring-a-Brazilian-woman-walking-in-a-cosmopolitan-cityscape-that-subtly-blends-Tokyo-an-768x768.webp 768w\" sizes=\"auto, (max-width: 300px) 100vw, 300px\" \/><\/a><\/div><a class=\"wp-block-latest-posts__post-title\" href=\"https:\/\/oito-mares.co.jp\/?p=1945\">&lt;Portugu\u00eas> Como \u00e9 viver no Jap\u00e3o?<\/a><time datetime=\"2025-01-04T19:26:08+09:00\" class=\"wp-block-latest-posts__post-date\">2025\u5e741\u67084\u65e5<\/time><div class=\"wp-block-latest-posts__post-excerpt\">Imigrar para outro pa\u00eds \u00e9 uma tarefa desafiadora que demanda tempo e persist\u00eancia para adapta\u00e7\u00e3o. Tempo, porqu [&hellip;]<\/div><\/li>\n<li><div class=\"wp-block-latest-posts__featured-image alignleft\"><a href=\"https:\/\/oito-mares.co.jp\/?p=1\" aria-label=\"\u4f1a\u793e\u8a2d\u7acb\u30fbHP\u958b\u8a2d\"><img loading=\"lazy\" decoding=\"async\" width=\"300\" height=\"249\" src=\"https:\/\/oito-mares.co.jp\/wp-content\/uploads\/2023\/08\/14695_00006594_lg_dg_1-300x249.jpg\" class=\"attachment-medium size-medium wp-post-image\" alt=\"\" style=\"max-width:75px;max-height:75px;\" srcset=\"https:\/\/oito-mares.co.jp\/wp-content\/uploads\/2023\/08\/14695_00006594_lg_dg_1-300x249.jpg 300w, https:\/\/oito-mares.co.jp\/wp-content\/uploads\/2023\/08\/14695_00006594_lg_dg_1-768x636.jpg 768w, https:\/\/oito-mares.co.jp\/wp-content\/uploads\/2023\/08\/14695_00006594_lg_dg_1.jpg 794w\" sizes=\"auto, (max-width: 300px) 100vw, 300px\" \/><\/a><\/div><a class=\"wp-block-latest-posts__post-title\" href=\"https:\/\/oito-mares.co.jp\/?p=1\">\u4f1a\u793e\u8a2d\u7acb\u30fbHP\u958b\u8a2d<\/a><time datetime=\"2023-08-30T17:25:38+09:00\" class=\"wp-block-latest-posts__post-date\">2023\u5e748\u670830\u65e5<\/time><div class=\"wp-block-latest-posts__post-excerpt\">\u3000\u682a\u5f0f\u4f1a\u793e\u30aa\u30a4\u30c8\u30de\u30fc\u30ec\u30b9\u306e\u30db\u30fc\u30e0\u30da\u30fc\u30b8\u3078\u304a\u8d8a\u3057\u3044\u305f\u3060\u304d\u3042\u308a\u304c\u3068\u3046\u3054\u3056\u3044\u307e\u3059\u3002 \u3000\u3053\u306e\u305f\u3073\u3001\u5728\u7559\u5916\u56fd\u4eba\u306e\u751f\u6d3b\u652f\u63f4\u3001\u4e0d\u52d5\u7523\u95a2\u9023\u30b3\u30f3\u30b5\u30eb\u30c6\u30a3\u30f3\u30b0\u3092\u884c\u3046\u682a\u5f0f\u4f1a\u793e\u30aa\u30a4\u30c8\u30de\u30fc\u30ec\u30b9\u3092\u7acb\u3061\u4e0a\u3052\u308b\u3053\u3068\u3068\u306a\u308a\u307e\u3057\u305f\u3002\u69d8\u3005\u306a\u6a5f\u4f1a\u3067\u3001\u5916\u56fd\u4eba\u306e\u7686 [&hellip;]<\/div><\/li>\n<\/ul>\n\n\n<div class=\"wp-block-vk-blocks-spacer vk_spacer\"><div class=\"vk_spacer-display-pc\" style=\"margin-top:100px\"><\/div><div class=\"vk_spacer-display-tablet\" style=\"margin-top:100px\"><\/div><div class=\"vk_spacer-display-mobile\" style=\"margin-top:50px\"><\/div><\/div>\n\n\n\n<hr class=\"wp-block-separator alignfull has-text-color has-vk-color-primary-color has-alpha-channel-opacity has-vk-color-primary-background-color has-background vk_block-margin-md--margin-bottom\"\/>\n\n\n\n<figure class=\"wp-block-table aligncenter is-style-vk-table-border-top-bottom has-small-font-size\"><table><tbody><tr><td>\u793e\u540d<\/td><td>\u682a\u5f0f\u4f1a\u793e\u30aa\u30a4\u30c8\u30de\u30fc\u30ec\u30b9\uff08Oito Mares, Inc.\uff09<\/td><\/tr><tr><td>\u4f4f\u6240<\/td><td>\u3012121-0055<br>\u6771\u4eac\u90fd\u8db3\u7acb\u533a\u52a0\u5e731-21-18-805<\/td><\/tr><tr><td>\u8a2d\u7acb<\/td><td>2023\u5e748\u670815\u65e5<\/td><\/tr><tr><td>\u8cc7\u672c\u91d1<\/td><td>200\u4e07\u5186<\/td><\/tr><tr><td>\u4ee3\u8868<\/td><td>\u5e73\u91ce\u3000\u9032<\/td><\/tr><tr><td>\u696d\u52d9\u5185\u5bb9<\/td><td>\u5728\u7559\u5916\u56fd\u4eba\u306e\u751f\u6d3b\u652f\u63f4<br>\u4e0d\u52d5\u7523\u306b\u95a2\u3059\u308b\u30b3\u30f3\u30b5\u30eb\u30c6\u30a3\u30f3\u30b0\u696d\u52d9<br>\u8f38\u51fa\u5165\u652f\u63f4\u696d\u52d9<br>Web\u30da\u30fc\u30b8\u5236\u4f5c\u7b49<\/td><\/tr><tr><td>\u554f\u3044\u5408\u308f\u305b<\/td><td>info@oito-mares.co.jp<\/td><\/tr><tr><td>\u8a31\u8a8d\u53ef<\/td><td>\u5b85\u5730\u5efa\u7269\u53d6\u5f15\u696d<br>\u6771\u4eac\u90fd\u77e5\u4e8b(1) \u7b2c110230\u53f7<\/td><\/tr><\/tbody><\/table><\/figure>\n","protected":false},"excerpt":{"rendered":"<p>\u793e\u540d \u682a\u5f0f\u4f1a\u793e\u30aa\u30a4\u30c8\u30de\u30fc\u30ec\u30b9\uff08Oito Mares, Inc.\uff09 \u4f4f\u6240 \u3012121-0055\u6771\u4eac\u90fd\u8db3\u7acb\u533a\u52a0\u5e731-21-18-805 \u8a2d\u7acb 2023\u5e748\u670815\u65e5 \u8cc7\u672c\u91d1 200\u4e07\u5186 \u4ee3\u8868 \u5e73\u91ce\u3000\u9032 \u696d\u52d9\u5185\u5bb9 \u5728\u7559\u5916\u56fd\u4eba\u306e\u751f\u6d3b [&hellip;]<\/p>\n","protected":false},"author":1,"featured_media":0,"parent":0,"menu_order":0,"comment_status":"closed","ping_status":"closed","template":"","meta":{"_monsterinsights_skip_tracking":false,"_monsterinsights_sitenote_active":false,"_monsterinsights_sitenote_note":"","_monsterinsights_sitenote_category":0,"_locale":"ja","_original_post":"https:\/\/oito-mares.co.jp\/?page_id=288","sns_share_botton_hide":"","vkExUnit_sns_title":"","_vk_print_noindex":"","sitemap_hide":"","vkExUnit_sitemap":"","_veu_custom_css":"","veu_display_promotion_alert":"common","_exclude_from_list_pages":"","vkexunit_cta_each_option":"","vkExUnit_childPageIndex":"","vkExUnit_pageList_ancestor":"","vkExUnit_contact_enable":"","footnotes":""},"class_list":["post-288","page","type-page","status-publish","hentry","ja"],"veu_head_title_object":{"title":"","add_site_title":""},"_links":{"self":[{"href":"https:\/\/oito-mares.co.jp\/index.php?rest_route=\/wp\/v2\/pages\/288","targetHints":{"allow":["GET"]}}],"collection":[{"href":"https:\/\/oito-mares.co.jp\/index.php?rest_route=\/wp\/v2\/pages"}],"about":[{"href":"https:\/\/oito-mares.co.jp\/index.php?rest_route=\/wp\/v2\/types\/page"}],"author":[{"embeddable":true,"href":"https:\/\/oito-mares.co.jp\/index.php?rest_route=\/wp\/v2\/users\/1"}],"replies":[{"embeddable":true,"href":"https:\/\/oito-mares.co.jp\/index.php?rest_route=%2Fwp%2Fv2%2Fcomments&post=288"}],"version-history":[{"count":67,"href":"https:\/\/oito-mares.co.jp\/index.php?rest_route=\/wp\/v2\/pages\/288\/revisions"}],"predecessor-version":[{"id":1995,"href":"https:\/\/oito-mares.co.jp\/index.php?rest_route=\/wp\/v2\/pages\/288\/revisions\/1995"}],"wp:attachment":[{"href":"https:\/\/oito-mares.co.jp\/index.php?rest_route=%2Fwp%2Fv2%2Fmedia&parent=288"}],"curies":[{"name":"wp","href":"https:\/\/api.w.org\/{rel}","templated":true}]}}