{"id":296,"date":"2024-07-20T22:34:32","date_gmt":"2024-07-20T13:34:32","guid":{"rendered":"https:\/\/oito-mares.co.jp\/?page_id=296"},"modified":"2024-07-28T00:26:28","modified_gmt":"2024-07-27T15:26:28","slug":"column","status":"publish","type":"page","link":"https:\/\/oito-mares.co.jp\/?page_id=296","title":{"rendered":"\u30b3\u30e9\u30e0"},"content":{"rendered":"\n<figure class=\"wp-block-image size-large is-resized kotei\"><a href=\"https:\/\/oito-mares.co.jp\/?page_id=637&amp;lang=en\"><img loading=\"lazy\" decoding=\"async\" width=\"1024\" height=\"307\" src=\"https:\/\/oito-mares.co.jp\/wp-content\/uploads\/2024\/07\/2-1024x307.png\" alt=\"\" class=\"wp-image-503\" style=\"width:100px\" srcset=\"https:\/\/oito-mares.co.jp\/wp-content\/uploads\/2024\/07\/2-1024x307.png 1024w, https:\/\/oito-mares.co.jp\/wp-content\/uploads\/2024\/07\/2-300x90.png 300w, https:\/\/oito-mares.co.jp\/wp-content\/uploads\/2024\/07\/2-768x230.png 768w, https:\/\/oito-mares.co.jp\/wp-content\/uploads\/2024\/07\/2-1536x461.png 1536w, https:\/\/oito-mares.co.jp\/wp-content\/uploads\/2024\/07\/2.png 2000w\" sizes=\"auto, (max-width: 1024px) 100vw, 1024px\" \/><\/a><\/figure>\n\n\n\n<div class=\"wp-block-vk-blocks-spacer vk_spacer\"><div class=\"vk_spacer-display-pc\" style=\"margin-top:100px\"><\/div><div class=\"vk_spacer-display-tablet\" style=\"margin-top:100px\"><\/div><div class=\"vk_spacer-display-mobile\" style=\"margin-top:50px\"><\/div><\/div>\n\n\n\n<div class=\"wp-block-vk-blocks-animation vk_animation vk_animation-slide-up vk_animation-speed-fast vk_animation-range-short vk_animation-once vk_animation-d593c836-c79c-46b4-b1ea-f3877075a2f0\">\n<div class=\"wp-block-group is-layout-constrained wp-block-group-is-layout-constrained\">\n<h2 class=\"wp-block-heading has-text-align-center is-style-vk-heading-plain vk_block-margin-0--margin-bottom has-vk-color-primary-color has-text-color has-link-color wp-elements-6a02d463d8caf2efc10d81c11f5b39f5\">\u30b3\u30e9\u30e0<\/h2>\n\n\n\n<p class=\"has-text-align-center vk_block-margin-0--margin-top has-vk-color-primary-color has-text-color has-link-color wp-elements-66bb91cc8df2b4bb4cce45ee55e695aa\" style=\"font-size:20px\"><strong>Column<\/strong><\/p>\n<\/div>\n<\/div>\n\n\n\n<div class=\"wp-block-vk-blocks-spacer vk_spacer\"><div class=\"vk_spacer-display-pc\" style=\"margin-top:100px\"><\/div><div class=\"vk_spacer-display-tablet\" style=\"margin-top:100px\"><\/div><div class=\"vk_spacer-display-mobile\" style=\"margin-top:50px\"><\/div><\/div>\n\n\n<ul class=\"wp-block-latest-posts__list has-dates wp-block-latest-posts\"><li><div class=\"wp-block-latest-posts__featured-image alignleft\"><a href=\"https:\/\/oito-mares.co.jp\/?p=2180\" aria-label=\"&lt;English&gt;How to Rent a Foreign-Friendly Apartment in Japan: Costs, Process, and Tips\"><img loading=\"lazy\" decoding=\"async\" width=\"300\" height=\"200\" src=\"https:\/\/oito-mares.co.jp\/wp-content\/uploads\/2025\/06\/1098052_s-300x200.jpg\" class=\"attachment-medium size-medium wp-post-image\" alt=\"\" style=\"\" srcset=\"https:\/\/oito-mares.co.jp\/wp-content\/uploads\/2025\/06\/1098052_s-300x200.jpg 300w, https:\/\/oito-mares.co.jp\/wp-content\/uploads\/2025\/06\/1098052_s.jpg 640w\" sizes=\"auto, (max-width: 300px) 100vw, 300px\" \/><\/a><\/div><a class=\"wp-block-latest-posts__post-title\" href=\"https:\/\/oito-mares.co.jp\/?p=2180\">&lt;English>How to Rent a Foreign-Friendly Apartment in Japan: Costs, Process, and Tips<\/a><time datetime=\"2025-06-24T11:31:30+09:00\" class=\"wp-block-latest-posts__post-date\">2025\u5e746\u670824\u65e5<\/time><div class=\"wp-block-latest-posts__post-excerpt\">It\u2019s time to rent&#8230;..what is the initial cost for rent? After a period in a hotel, dormitory, or company  [&hellip;]<\/div><\/li>\n<li><div class=\"wp-block-latest-posts__featured-image alignleft\"><a href=\"https:\/\/oito-mares.co.jp\/?p=2076\" aria-label=\"&lt;English&gt;Renting an Apartment in Japan: Real Challenges Foreigners Still Face\"><img loading=\"lazy\" decoding=\"async\" width=\"300\" height=\"200\" src=\"https:\/\/oito-mares.co.jp\/wp-content\/uploads\/2025\/05\/22040100_s-300x200.jpg\" class=\"attachment-medium size-medium wp-post-image\" alt=\"\" style=\"\" srcset=\"https:\/\/oito-mares.co.jp\/wp-content\/uploads\/2025\/05\/22040100_s-300x200.jpg 300w, https:\/\/oito-mares.co.jp\/wp-content\/uploads\/2025\/05\/22040100_s.jpg 640w\" sizes=\"auto, (max-width: 300px) 100vw, 300px\" \/><\/a><\/div><a class=\"wp-block-latest-posts__post-title\" href=\"https:\/\/oito-mares.co.jp\/?p=2076\">&lt;English>Renting an Apartment in Japan: Real Challenges Foreigners Still Face<\/a><time datetime=\"2025-05-22T20:24:46+09:00\" class=\"wp-block-latest-posts__post-date\">2025\u5e745\u670822\u65e5<\/time><div class=\"wp-block-latest-posts__post-excerpt\">An Overview of the Rental Situation for Foreign Residents in Japan Searching for rental housing in Japan as a  [&hellip;]<\/div><\/li>\n<li><div class=\"wp-block-latest-posts__featured-image alignleft\"><a href=\"https:\/\/oito-mares.co.jp\/?p=1945\" aria-label=\"&lt;Portugu\u00eas&gt; Como \u00e9 viver no Jap\u00e3o?\"><img loading=\"lazy\" decoding=\"async\" width=\"300\" height=\"300\" src=\"https:\/\/oito-mares.co.jp\/wp-content\/uploads\/2025\/01\/DALL\u00b7E-2025-01-04-17.58.20-A-gentle-and-symbolic-illustration-of-cultural-adaptation-featuring-a-Brazilian-woman-walking-in-a-cosmopolitan-cityscape-that-subtly-blends-Tokyo-an-300x300.webp\" class=\"attachment-medium size-medium wp-post-image\" alt=\"\" style=\"\" srcset=\"https:\/\/oito-mares.co.jp\/wp-content\/uploads\/2025\/01\/DALL\u00b7E-2025-01-04-17.58.20-A-gentle-and-symbolic-illustration-of-cultural-adaptation-featuring-a-Brazilian-woman-walking-in-a-cosmopolitan-cityscape-that-subtly-blends-Tokyo-an-300x300.webp 300w, https:\/\/oito-mares.co.jp\/wp-content\/uploads\/2025\/01\/DALL\u00b7E-2025-01-04-17.58.20-A-gentle-and-symbolic-illustration-of-cultural-adaptation-featuring-a-Brazilian-woman-walking-in-a-cosmopolitan-cityscape-that-subtly-blends-Tokyo-an-e1750735111264-150x150.webp 150w, https:\/\/oito-mares.co.jp\/wp-content\/uploads\/2025\/01\/DALL\u00b7E-2025-01-04-17.58.20-A-gentle-and-symbolic-illustration-of-cultural-adaptation-featuring-a-Brazilian-woman-walking-in-a-cosmopolitan-cityscape-that-subtly-blends-Tokyo-an-768x768.webp 768w\" sizes=\"auto, (max-width: 300px) 100vw, 300px\" \/><\/a><\/div><a class=\"wp-block-latest-posts__post-title\" href=\"https:\/\/oito-mares.co.jp\/?p=1945\">&lt;Portugu\u00eas> Como \u00e9 viver no Jap\u00e3o?<\/a><time datetime=\"2025-01-04T19:26:08+09:00\" class=\"wp-block-latest-posts__post-date\">2025\u5e741\u67084\u65e5<\/time><div class=\"wp-block-latest-posts__post-excerpt\">Imigrar para outro pa\u00eds \u00e9 uma tarefa desafiadora que demanda tempo e persist\u00eancia para adapta\u00e7\u00e3o. Tempo, porqu [&hellip;]<\/div><\/li>\n<li><div class=\"wp-block-latest-posts__featured-image alignleft\"><a href=\"https:\/\/oito-mares.co.jp\/?p=129\" aria-label=\"\u3010\u30b3\u30e9\u30e0\u3011\u5728\u7559\u65e5\u672c\u4eba\u306e\u652f\u63f4\u5236\u5ea6\uff08\u652f\u63f4\u30b3\u30fc\u30c7\u30a3\u30cd\u30fc\u30bf\u30fc\uff09\u306b\u3064\u3044\u3066\"><img loading=\"lazy\" decoding=\"async\" width=\"300\" height=\"225\" src=\"https:\/\/oito-mares.co.jp\/wp-content\/uploads\/2023\/10\/26764618_s-300x225.jpg\" class=\"attachment-medium size-medium wp-post-image\" alt=\"\" style=\"\" srcset=\"https:\/\/oito-mares.co.jp\/wp-content\/uploads\/2023\/10\/26764618_s-300x225.jpg 300w, https:\/\/oito-mares.co.jp\/wp-content\/uploads\/2023\/10\/26764618_s.jpg 640w\" sizes=\"auto, (max-width: 300px) 100vw, 300px\" \/><\/a><\/div><a class=\"wp-block-latest-posts__post-title\" href=\"https:\/\/oito-mares.co.jp\/?p=129\">\u3010\u30b3\u30e9\u30e0\u3011\u5728\u7559\u65e5\u672c\u4eba\u306e\u652f\u63f4\u5236\u5ea6\uff08\u652f\u63f4\u30b3\u30fc\u30c7\u30a3\u30cd\u30fc\u30bf\u30fc\uff09\u306b\u3064\u3044\u3066<\/a><time datetime=\"2023-10-28T01:38:11+09:00\" class=\"wp-block-latest-posts__post-date\">2023\u5e7410\u670828\u65e5<\/time><div class=\"wp-block-latest-posts__post-excerpt\">\u3000\u65b0\u578b\u30b3\u30ed\u30ca\u30a6\u30a4\u30eb\u30b9\u306e\u55a7\u9a12\u3082\u4e00\u670d\u3057\u30662023\u5e74\u306f\u3001\u65e5\u672c\u3078\u306e\u30a4\u30f3\u30d0\u30a6\u30f3\u30c9\u304c\u623b\u308a\u3064\u3064\u3042\u308a\u307e\u3059\u3002\u65e5\u672c\u653f\u5e9c\u89b3\u5149\u5c40\uff08JNTO\uff09\u306e\u7d71\u8a08\u306b\u3088\u308a\u307e\u3059\u3068\u3001\u8a2a\u65e5\u5916\u56fd\u4eba\u6570\uff082023\u5e749\u6708\u63a8\u8a08\u5024\uff09\u306f218\u4e07\u4eba\u3068\u306a\u308a\u30012019\u5e74\u540c\u6708\u6bd4\u30679\u5272\u3092\u8d85\u3048 [&hellip;]<\/div><\/li>\n<\/ul>\n\n\n<div class=\"wp-block-vk-blocks-spacer vk_spacer\"><div class=\"vk_spacer-display-pc\" style=\"margin-top:100px\"><\/div><div class=\"vk_spacer-display-tablet\" style=\"margin-top:100px\"><\/div><div class=\"vk_spacer-display-mobile\" style=\"margin-top:50px\"><\/div><\/div>\n\n\n\n<hr class=\"wp-block-separator alignfull has-text-color has-vk-color-primary-color has-alpha-channel-opacity has-vk-color-primary-background-color has-background vk_block-margin-md--margin-bottom\"\/>\n\n\n\n<figure class=\"wp-block-table aligncenter is-style-vk-table-border-top-bottom has-small-font-size\"><table><tbody><tr><td>\u793e\u540d<\/td><td>\u682a\u5f0f\u4f1a\u793e\u30aa\u30a4\u30c8\u30de\u30fc\u30ec\u30b9\uff08Oito Mares, Inc.\uff09<\/td><\/tr><tr><td>\u4f4f\u6240<\/td><td>\u3012121-0055<br>\u6771\u4eac\u90fd\u8db3\u7acb\u533a\u52a0\u5e731-21-18-805<\/td><\/tr><tr><td>\u8a2d\u7acb<\/td><td>2023\u5e748\u670815\u65e5<\/td><\/tr><tr><td>\u8cc7\u672c\u91d1<\/td><td>200\u4e07\u5186<\/td><\/tr><tr><td>\u5f79\u54e1<\/td><td>\u4ee3\u8868\u53d6\u7de0\u5f79\u3000\u5e73\u91ce\u3000\u9032<\/td><\/tr><tr><td>\u696d\u52d9\u5185\u5bb9<\/td><td>\u5728\u7559\u5916\u56fd\u4eba\u306e\u751f\u6d3b\u652f\u63f4<br>\u4e0d\u52d5\u7523\u306b\u95a2\u3059\u308b\u30b3\u30f3\u30b5\u30eb\u30c6\u30a3\u30f3\u30b0\u696d\u52d9<br>\u8f38\u51fa\u5165\u652f\u63f4\u696d\u52d9<br>Web\u30da\u30fc\u30b8\u5236\u4f5c\u7b49<\/td><\/tr><tr><td>\u554f\u3044\u5408\u308f\u305b<\/td><td>info@oito-mares.co.jp<\/td><\/tr><tr><td>\u8a31\u8a8d\u53ef<\/td><td>\u5b85\u5730\u5efa\u7269\u53d6\u5f15\u696d<br>\u6771\u4eac\u90fd\u77e5\u4e8b(1) \u7b2c110230\u53f7<\/td><\/tr><\/tbody><\/table><\/figure>\n","protected":false},"excerpt":{"rendered":"<p>\u793e\u540d \u682a\u5f0f\u4f1a\u793e\u30aa\u30a4\u30c8\u30de\u30fc\u30ec\u30b9\uff08Oito Mares, Inc.\uff09 \u4f4f\u6240 \u3012121-0055\u6771\u4eac\u90fd\u8db3\u7acb\u533a\u52a0\u5e731-21-18-805 \u8a2d\u7acb 2023\u5e748\u670815\u65e5 \u8cc7\u672c\u91d1 200\u4e07\u5186 \u5f79\u54e1 \u4ee3\u8868\u53d6\u7de0\u5f79\u3000\u5e73\u91ce\u3000\u9032 \u696d\u52d9\u5185\u5bb9 \u5728\u7559 [&hellip;]<\/p>\n","protected":false},"author":1,"featured_media":0,"parent":0,"menu_order":0,"comment_status":"closed","ping_status":"closed","template":"","meta":{"_monsterinsights_skip_tracking":false,"_monsterinsights_sitenote_active":false,"_monsterinsights_sitenote_note":"","_monsterinsights_sitenote_category":0,"_locale":"ja","_original_post":"https:\/\/oito-mares.co.jp\/?page_id=296","sns_share_botton_hide":"","vkExUnit_sns_title":"","_vk_print_noindex":"","sitemap_hide":"","vkExUnit_sitemap":"","_veu_custom_css":"","veu_display_promotion_alert":"common","_exclude_from_list_pages":"","vkexunit_cta_each_option":"","vkExUnit_childPageIndex":"","vkExUnit_pageList_ancestor":"","vkExUnit_contact_enable":"","footnotes":""},"class_list":["post-296","page","type-page","status-publish","hentry","ja"],"veu_head_title_object":{"title":"","add_site_title":""},"_links":{"self":[{"href":"https:\/\/oito-mares.co.jp\/index.php?rest_route=\/wp\/v2\/pages\/296","targetHints":{"allow":["GET"]}}],"collection":[{"href":"https:\/\/oito-mares.co.jp\/index.php?rest_route=\/wp\/v2\/pages"}],"about":[{"href":"https:\/\/oito-mares.co.jp\/index.php?rest_route=\/wp\/v2\/types\/page"}],"author":[{"embeddable":true,"href":"https:\/\/oito-mares.co.jp\/index.php?rest_route=\/wp\/v2\/users\/1"}],"replies":[{"embeddable":true,"href":"https:\/\/oito-mares.co.jp\/index.php?rest_route=%2Fwp%2Fv2%2Fcomments&post=296"}],"version-history":[{"count":8,"href":"https:\/\/oito-mares.co.jp\/index.php?rest_route=\/wp\/v2\/pages\/296\/revisions"}],"predecessor-version":[{"id":639,"href":"https:\/\/oito-mares.co.jp\/index.php?rest_route=\/wp\/v2\/pages\/296\/revisions\/639"}],"wp:attachment":[{"href":"https:\/\/oito-mares.co.jp\/index.php?rest_route=%2Fwp%2Fv2%2Fmedia&parent=296"}],"curies":[{"name":"wp","href":"https:\/\/api.w.org\/{rel}","templated":true}]}}