{"id":538,"date":"2024-07-27T00:26:19","date_gmt":"2024-07-26T15:26:19","guid":{"rendered":"https:\/\/oito-mares.co.jp\/?page_id=538"},"modified":"2025-02-04T22:00:21","modified_gmt":"2025-02-04T13:00:21","slug":"toppage","status":"publish","type":"page","link":"https:\/\/oito-mares.co.jp\/?page_id=538","title":{"rendered":"Toppage"},"content":{"rendered":"\n<div class=\"wp-block-cover alignfull is-light has-parallax\" style=\"min-height:600px;aspect-ratio:unset;\"><span aria-hidden=\"true\" class=\"wp-block-cover__background has-white-background-color has-background-dim-30 has-background-dim\"><\/span><div class=\"wp-block-cover__image-background wp-image-77 has-parallax\" style=\"background-position:50% 50%;background-image:url(https:\/\/oito-mares.co.jp\/wp-content\/uploads\/2023\/08\/\u30b9\u30e9\u30a4\u30c9\u30da\u30fc\u30b8\u306e\u30b3\u30d4\u30fc2-scaled.jpg)\"><\/div><div class=\"wp-block-cover__inner-container is-layout-constrained wp-block-cover-is-layout-constrained\">\n<p class=\"has-text-align-center vk_hidden-xs vk_hidden-sm has-text-color has-link-color wp-elements-801e2e287e8bbab137b46e9ec7fee8f6\" style=\"color:#073a48;font-size:2.5rem\"><strong>\u4e0d\u52d5\u7523\u95a2\u9023\u306e\u30b5\u30dd\u30fc\u30c8\u3001<\/strong> <\/p>\n\n\n\n<p class=\"has-text-align-center vk_hidden-xs vk_hidden-sm has-text-color has-link-color wp-elements-7b27871aa0d020c4c1f1b40a5849ce1d\" style=\"color:#073a48;font-size:2.5rem\"><strong>\u5728\u65e5\u5916\u56fd\u4eba\u306e\u751f\u6d3b\u652f\u63f4\u306a\u3089\u5f53\u793e\u307e\u3067<\/strong><\/p>\n\n\n\n<p class=\"has-text-align-center vk_hidden-md vk_hidden-lg vk_hidden-xl-v2 vk_hidden-xxl has-text-color has-link-color wp-elements-5d78624d527d0459c4413b1c99f76b70\" style=\"color:#073a48;font-size:20px\"><\/p>\n<\/div><\/div>\n\n\n\n<div class=\"wp-block-vk-blocks-spacer vk_spacer\"><div class=\"vk_spacer-display-pc\" style=\"margin-top:150px\"><\/div><div class=\"vk_spacer-display-tablet\" style=\"margin-top:100px\"><\/div><div class=\"vk_spacer-display-mobile\" style=\"margin-top:100px\"><\/div><\/div>\n\n\n\n<div class=\"wp-block-vk-blocks-gridcolcard vk_gridcolcard vk_gridcolcard-a84a08d4-0b6d-4372-bfdb-006d9ac4d3bb vk_block-margin-lg--margin-bottom\">\n<div class=\"wp-block-vk-blocks-gridcolcard-item vk_gridcolcard_item has-background has-border-color has-white-background-color vk_gridcolcard_item-header-display vk_gridcolcard_item-footer-display vk_gridcolcard_item-noFooter\" style=\"border-width:2px;border-color:#e5e5e5\"><a class=\"vk_gridcolcard_item_container\" style=\"padding-top:20px;padding-bottom:20px;padding-left:20px;padding-right:20px\" href=\"https:\/\/oito-mares.co.jp\/business\/\">\n<div class=\"wp-block-vk-blocks-gridcolcard-item-header vk_gridcolcard_item_header\" style=\"aspect-ratio:1.618\/1;top:-20px;margin-left:-20px;margin-right:-20px\">\n<figure class=\"wp-block-image size-full\"><img loading=\"lazy\" decoding=\"async\" width=\"2460\" height=\"1477\" src=\"https:\/\/oito-mares.co.jp\/wp-content\/uploads\/2024\/07\/\u898b\u51fa\u3057\u3092\u8ffd\u52a0-22.jpg\" alt=\"\" class=\"wp-image-385\" srcset=\"https:\/\/oito-mares.co.jp\/wp-content\/uploads\/2024\/07\/\u898b\u51fa\u3057\u3092\u8ffd\u52a0-22.jpg 2460w, https:\/\/oito-mares.co.jp\/wp-content\/uploads\/2024\/07\/\u898b\u51fa\u3057\u3092\u8ffd\u52a0-22-300x180.jpg 300w, https:\/\/oito-mares.co.jp\/wp-content\/uploads\/2024\/07\/\u898b\u51fa\u3057\u3092\u8ffd\u52a0-22-1024x615.jpg 1024w, https:\/\/oito-mares.co.jp\/wp-content\/uploads\/2024\/07\/\u898b\u51fa\u3057\u3092\u8ffd\u52a0-22-768x461.jpg 768w, https:\/\/oito-mares.co.jp\/wp-content\/uploads\/2024\/07\/\u898b\u51fa\u3057\u3092\u8ffd\u52a0-22-1536x922.jpg 1536w, https:\/\/oito-mares.co.jp\/wp-content\/uploads\/2024\/07\/\u898b\u51fa\u3057\u3092\u8ffd\u52a0-22-2048x1230.jpg 2048w\" sizes=\"auto, (max-width: 2460px) 100vw, 2460px\" \/><\/figure>\n<\/div>\n\n\n\n<div class=\"wp-block-vk-blocks-gridcolcard-item-body vk_gridcolcard_item_body is-layout-flow wp-block-vk-blocks-gridcolcard-item-body-is-layout-flow\">\n<h4 class=\"wp-block-heading is-style-vk-heading-plain vk_block-margin-xs--margin-bottom has-vk-color-primary-color has-text-color has-link-color wp-elements-1e3e33566d5bea59938c83cd62c33d8e\" id=\"\u753b\u50cf\u30ea\u30f3\u30af\u7121\u3057\">\u4e0d\u52d5\u7523\u652f\u63f4\u4e8b\u696d<\/h4>\n\n\n\n<p>\u4e0d\u52d5\u7523\u306e\u8cfc\u5165\u3001\u58f2\u5374\u3001\u8cb7\u3044\u66ff\u3048\u3001\u571f\u5730\u6d3b\u7528\u3001\u8cc3\u8cb8\u4e8b\u696d\u306a\u3069\u3001\u3054\u8981\u671b\u306b\u5fdc\u3058\u3066\u4e0d\u52d5\u7523\u306b\u95a2\u3059\u308b\u8ab2\u984c\u89e3\u6c7a\u306e\u30b5\u30dd\u30fc\u30c8\u3092\u63d0\u4f9b\u3057\u307e\u3059\u3002<\/p>\n<\/div>\n\n\n\n<div class=\"wp-block-vk-blocks-gridcolcard-item-footer vk_gridcolcard_item_footer\">\n<div class=\"wp-block-buttons is-layout-flex wp-block-buttons-is-layout-flex\"><\/div>\n<\/div>\n<\/a><\/div>\n\n\n\n<div class=\"wp-block-vk-blocks-gridcolcard-item vk_gridcolcard_item has-background has-border-color has-white-background-color vk_gridcolcard_item-header-display vk_gridcolcard_item-footer-display vk_gridcolcard_item-noFooter\" style=\"border-width:2px;border-color:#e5e5e5\"><a class=\"vk_gridcolcard_item_container\" style=\"padding-top:20px;padding-bottom:20px;padding-left:20px;padding-right:20px\" href=\"https:\/\/oito-mares.co.jp\/life-support\/\">\n<div class=\"wp-block-vk-blocks-gridcolcard-item-header vk_gridcolcard_item_header\" style=\"aspect-ratio:1.618\/1;top:-20px;margin-left:-20px;margin-right:-20px\">\n<figure class=\"wp-block-image size-full\"><img loading=\"lazy\" decoding=\"async\" width=\"2460\" height=\"1477\" src=\"https:\/\/oito-mares.co.jp\/wp-content\/uploads\/2024\/07\/\u898b\u51fa\u3057\u3092\u8ffd\u52a0-16.jpg\" alt=\"\" class=\"wp-image-366\" srcset=\"https:\/\/oito-mares.co.jp\/wp-content\/uploads\/2024\/07\/\u898b\u51fa\u3057\u3092\u8ffd\u52a0-16.jpg 2460w, https:\/\/oito-mares.co.jp\/wp-content\/uploads\/2024\/07\/\u898b\u51fa\u3057\u3092\u8ffd\u52a0-16-300x180.jpg 300w, https:\/\/oito-mares.co.jp\/wp-content\/uploads\/2024\/07\/\u898b\u51fa\u3057\u3092\u8ffd\u52a0-16-1024x615.jpg 1024w, https:\/\/oito-mares.co.jp\/wp-content\/uploads\/2024\/07\/\u898b\u51fa\u3057\u3092\u8ffd\u52a0-16-768x461.jpg 768w, https:\/\/oito-mares.co.jp\/wp-content\/uploads\/2024\/07\/\u898b\u51fa\u3057\u3092\u8ffd\u52a0-16-1536x922.jpg 1536w, https:\/\/oito-mares.co.jp\/wp-content\/uploads\/2024\/07\/\u898b\u51fa\u3057\u3092\u8ffd\u52a0-16-2048x1230.jpg 2048w\" sizes=\"auto, (max-width: 2460px) 100vw, 2460px\" \/><\/figure>\n<\/div>\n\n\n\n<div class=\"wp-block-vk-blocks-gridcolcard-item-body vk_gridcolcard_item_body is-layout-flow wp-block-vk-blocks-gridcolcard-item-body-is-layout-flow\">\n<h4 class=\"wp-block-heading is-style-vk-heading-plain vk_block-margin-xs--margin-bottom has-vk-color-primary-color has-text-color has-link-color wp-elements-de085244f5c91e0f54cd9327675afc67\" id=\"\u753b\u50cf\u30ea\u30f3\u30af\u7121\u3057\">\u5916\u56fd\u4eba\u751f\u6d3b\u652f\u63f4\u4e8b\u696d<\/h4>\n\n\n\n<p>\u65e5\u672c\u3067\u66ae\u3089\u3059\u3001\u6d3b\u8e8d\u3059\u308b\u5916\u56fd\u4eba\u306e\u7686\u69d8\u306e\u751f\u6d3b\u652f\u63f4\u3092\u30ef\u30f3\u30b9\u30c8\u30c3\u30d7\u3067\u652f\u63f4\u3057\u307e\u3059\u3002\u884c\u653f\u624b\u7d9a\u3001\u751f\u6d3b\u30a4\u30f3\u30d5\u30e9\u3001\u4f4f\u5c45\u63a2\u3057\u7b49\u4f55\u3067\u3082\u3054\u76f8\u8ac7\u304f\u3060\u3055\u3044\u3002<\/p>\n<\/div>\n\n\n\n<div class=\"wp-block-vk-blocks-gridcolcard-item-footer vk_gridcolcard_item_footer\">\n<div class=\"wp-block-buttons is-layout-flex wp-block-buttons-is-layout-flex\"><\/div>\n<\/div>\n<\/a><\/div>\n\n\n\n<div class=\"wp-block-vk-blocks-gridcolcard-item vk_gridcolcard_item has-background has-border-color has-white-background-color vk_gridcolcard_item-header-display vk_gridcolcard_item-footer-display vk_gridcolcard_item-noFooter\" style=\"border-width:2px;border-color:#e5e5e5\"><a class=\"vk_gridcolcard_item_container\" style=\"padding-top:20px;padding-bottom:20px;padding-left:20px;padding-right:20px\" href=\"https:\/\/oito-mares.co.jp\/overseas-import\/\">\n<div class=\"wp-block-vk-blocks-gridcolcard-item-header vk_gridcolcard_item_header\" style=\"aspect-ratio:1.618\/1;top:-20px;margin-left:-20px;margin-right:-20px\">\n<figure class=\"wp-block-image size-full\"><img loading=\"lazy\" decoding=\"async\" width=\"2460\" height=\"1477\" src=\"https:\/\/oito-mares.co.jp\/wp-content\/uploads\/2024\/07\/\u898b\u51fa\u3057\u3092\u8ffd\u52a0-23.jpg\" alt=\"\" class=\"wp-image-386\" srcset=\"https:\/\/oito-mares.co.jp\/wp-content\/uploads\/2024\/07\/\u898b\u51fa\u3057\u3092\u8ffd\u52a0-23.jpg 2460w, https:\/\/oito-mares.co.jp\/wp-content\/uploads\/2024\/07\/\u898b\u51fa\u3057\u3092\u8ffd\u52a0-23-300x180.jpg 300w, https:\/\/oito-mares.co.jp\/wp-content\/uploads\/2024\/07\/\u898b\u51fa\u3057\u3092\u8ffd\u52a0-23-1024x615.jpg 1024w, https:\/\/oito-mares.co.jp\/wp-content\/uploads\/2024\/07\/\u898b\u51fa\u3057\u3092\u8ffd\u52a0-23-768x461.jpg 768w, https:\/\/oito-mares.co.jp\/wp-content\/uploads\/2024\/07\/\u898b\u51fa\u3057\u3092\u8ffd\u52a0-23-1536x922.jpg 1536w, https:\/\/oito-mares.co.jp\/wp-content\/uploads\/2024\/07\/\u898b\u51fa\u3057\u3092\u8ffd\u52a0-23-2048x1230.jpg 2048w\" sizes=\"auto, (max-width: 2460px) 100vw, 2460px\" \/><\/figure>\n<\/div>\n\n\n\n<div class=\"wp-block-vk-blocks-gridcolcard-item-body vk_gridcolcard_item_body is-layout-flow wp-block-vk-blocks-gridcolcard-item-body-is-layout-flow\">\n<h4 class=\"wp-block-heading is-style-vk-heading-plain vk_block-margin-xs--margin-bottom has-vk-color-primary-color has-text-color has-link-color wp-elements-558e9fad5ff0a0d3c6452270ae727f6e\" id=\"\u753b\u50cf\u30ea\u30f3\u30af\u7121\u3057\">\u6d77\u5916\u8f38\u51fa\u5165\u652f\u63f4\u4e8b\u696d<\/h4>\n\n\n\n<p>\u6d77\u5916\u3068\u306e\u5546\u6750\u30fb\u30d7\u30ed\u30c0\u30af\u30c8\u8f38\u51fa\u5165\u5b9f\u73fe\u306b\u5411\u3051\u305f\u3001\u5404\u7a2e\u624b\u7d9a\u304d\u306e\u652f\u63f4\u3092\u63d0\u4f9b\u3057\u3066\u3044\u307e\u3059\u3002\u4e3b\u306b\u30dd\u30eb\u30c8\u30ac\u30eb\u8a9e\u570f\u8af8\u56fd\u4f01\u696d\u3068\u306e\u3084\u308a\u3068\u308a\u306f\u304a\u4efb\u305b\u304f\u3060\u3055\u3044\u3002\u3000<\/p>\n<\/div>\n\n\n\n<div class=\"wp-block-vk-blocks-gridcolcard-item-footer vk_gridcolcard_item_footer\">\n<div class=\"wp-block-buttons is-layout-flex wp-block-buttons-is-layout-flex\"><\/div>\n<\/div>\n<\/a><\/div>\n<style>\n\t\t\t\t.vk_gridcolcard-a84a08d4-0b6d-4372-bfdb-006d9ac4d3bb {\n\t\t\t\t\tgrid-template-columns:repeat(auto-fit, minmax(200px, 1fr));\n\t\t\t\t\tgap:20px;\n\t\t\t\t}\n\t\t\t\t@media (min-width: 576px) {\n\t\t\t\t\t.vk_gridcolcard-a84a08d4-0b6d-4372-bfdb-006d9ac4d3bb {\n\t\t\t\t\t\tgrid-template-columns:repeat(auto-fit, minmax(200px, 1fr));\n\t\t\t\t\t}\n\t\t\t\t}\n\t\t\t\t@media (min-width: 992px) {\n\t\t\t\t\t.vk_gridcolcard-a84a08d4-0b6d-4372-bfdb-006d9ac4d3bb {\n\t\t\t\t\t\tgrid-template-columns:repeat(auto-fit, minmax(200px, 1fr));\n\t\t\t\t\t}\n\t\t\t\t}\n\t\t\t\t<\/style><\/div>\n\n\n\n<div class=\"wp-block-vk-blocks-spacer vk_spacer\"><div class=\"vk_spacer-display-pc\" style=\"margin-top:100px\"><\/div><div class=\"vk_spacer-display-tablet\" style=\"margin-top:100px\"><\/div><div class=\"vk_spacer-display-mobile\" style=\"margin-top:50px\"><\/div><\/div>\n\n\n\n<div class=\"wp-block-cover has-parallax has-small-font-size\" style=\"margin-top:0;margin-bottom:0;min-height:147px;aspect-ratio:unset;\"><span aria-hidden=\"true\" class=\"wp-block-cover__background has-black-background-color has-background-dim\"><\/span><div class=\"wp-block-cover__image-background wp-image-386 has-parallax\" style=\"background-position:50% 50%;background-image:url(https:\/\/oito-mares.co.jp\/wp-content\/uploads\/2024\/07\/\u898b\u51fa\u3057\u3092\u8ffd\u52a0-23.jpg)\"><\/div><div class=\"wp-block-cover__inner-container is-layout-constrained wp-container-core-cover-is-layout-19c400f2 wp-block-cover-is-layout-constrained\">\n<p class=\"has-text-align-center has-large-font-size\"><strong>What&#8217;s new<\/strong><\/p>\n<\/div><\/div>\n\n\n<ul class=\"wp-block-latest-posts__list wp-block-latest-posts\"><li><div class=\"wp-block-latest-posts__featured-image alignleft\"><img loading=\"lazy\" decoding=\"async\" width=\"150\" height=\"150\" src=\"https:\/\/oito-mares.co.jp\/wp-content\/uploads\/2025\/06\/1098052_s-150x150.jpg\" class=\"attachment-thumbnail size-thumbnail wp-post-image\" alt=\"\" style=\"max-width:75px;max-height:75px;\" \/><\/div><a class=\"wp-block-latest-posts__post-title\" href=\"https:\/\/oito-mares.co.jp\/?p=2180\">&lt;English>How to Rent a Foreign-Friendly Apartment in Japan: Costs, Process, and Tips<\/a><div class=\"wp-block-latest-posts__post-excerpt\">It\u2019s time to rent&#8230;..what is the initial cost for rent? After a period in a hotel, dormitory, or company  [&hellip;]<\/div><\/li>\n<li><div class=\"wp-block-latest-posts__featured-image alignleft\"><img loading=\"lazy\" decoding=\"async\" width=\"150\" height=\"150\" src=\"https:\/\/oito-mares.co.jp\/wp-content\/uploads\/2025\/05\/22040100_s-150x150.jpg\" class=\"attachment-thumbnail size-thumbnail wp-post-image\" alt=\"\" style=\"max-width:75px;max-height:75px;\" \/><\/div><a class=\"wp-block-latest-posts__post-title\" href=\"https:\/\/oito-mares.co.jp\/?p=2076\">&lt;English>Renting an Apartment in Japan: Real Challenges Foreigners Still Face<\/a><div class=\"wp-block-latest-posts__post-excerpt\">An Overview of the Rental Situation for Foreign Residents in Japan Searching for rental housing in Japan as a  [&hellip;]<\/div><\/li>\n<li><div class=\"wp-block-latest-posts__featured-image alignleft\"><img loading=\"lazy\" decoding=\"async\" width=\"150\" height=\"150\" src=\"https:\/\/oito-mares.co.jp\/wp-content\/uploads\/2025\/01\/DALL\u00b7E-2025-01-04-17.58.20-A-gentle-and-symbolic-illustration-of-cultural-adaptation-featuring-a-Brazilian-woman-walking-in-a-cosmopolitan-cityscape-that-subtly-blends-Tokyo-an-e1750735111264-150x150.webp\" class=\"attachment-thumbnail size-thumbnail wp-post-image\" alt=\"\" style=\"max-width:75px;max-height:75px;\" \/><\/div><a class=\"wp-block-latest-posts__post-title\" href=\"https:\/\/oito-mares.co.jp\/?p=1945\">&lt;Portugu\u00eas> Como \u00e9 viver no Jap\u00e3o?<\/a><div class=\"wp-block-latest-posts__post-excerpt\">Imigrar para outro pa\u00eds \u00e9 uma tarefa desafiadora que demanda tempo e persist\u00eancia para adapta\u00e7\u00e3o. Tempo, porqu [&hellip;]<\/div><\/li>\n<li><div class=\"wp-block-latest-posts__featured-image alignleft\"><img loading=\"lazy\" decoding=\"async\" width=\"150\" height=\"150\" src=\"https:\/\/oito-mares.co.jp\/wp-content\/uploads\/2023\/08\/14695_00006594_lg_dg_1-150x150.jpg\" class=\"attachment-thumbnail size-thumbnail wp-post-image\" alt=\"\" style=\"max-width:75px;max-height:75px;\" \/><\/div><a class=\"wp-block-latest-posts__post-title\" href=\"https:\/\/oito-mares.co.jp\/?p=1\">\u4f1a\u793e\u8a2d\u7acb\u30fbHP\u958b\u8a2d<\/a><div class=\"wp-block-latest-posts__post-excerpt\">\u3000\u682a\u5f0f\u4f1a\u793e\u30aa\u30a4\u30c8\u30de\u30fc\u30ec\u30b9\u306e\u30db\u30fc\u30e0\u30da\u30fc\u30b8\u3078\u304a\u8d8a\u3057\u3044\u305f\u3060\u304d\u3042\u308a\u304c\u3068\u3046\u3054\u3056\u3044\u307e\u3059\u3002 \u3000\u3053\u306e\u305f\u3073\u3001\u5728\u7559\u5916\u56fd\u4eba\u306e\u751f\u6d3b\u652f\u63f4\u3001\u4e0d\u52d5\u7523\u95a2\u9023\u30b3\u30f3\u30b5\u30eb\u30c6\u30a3\u30f3\u30b0\u3092\u884c\u3046\u682a\u5f0f\u4f1a\u793e\u30aa\u30a4\u30c8\u30de\u30fc\u30ec\u30b9\u3092\u7acb\u3061\u4e0a\u3052\u308b\u3053\u3068\u3068\u306a\u308a\u307e\u3057\u305f\u3002\u69d8\u3005\u306a\u6a5f\u4f1a\u3067\u3001\u5916\u56fd\u4eba\u306e\u7686 [&hellip;]<\/div><\/li>\n<\/ul>\n\n\n<div class=\"wp-block-vk-blocks-spacer vk_spacer\"><div class=\"vk_spacer-display-pc\" style=\"margin-top:100px\"><\/div><div class=\"vk_spacer-display-tablet\" style=\"margin-top:100px\"><\/div><div class=\"vk_spacer-display-mobile\" style=\"margin-top:50px\"><\/div><\/div>\n","protected":false},"excerpt":{"rendered":"","protected":false},"author":1,"featured_media":0,"parent":0,"menu_order":0,"comment_status":"closed","ping_status":"closed","template":"","meta":{"_monsterinsights_skip_tracking":false,"_monsterinsights_sitenote_active":false,"_monsterinsights_sitenote_note":"","_monsterinsights_sitenote_category":0,"_locale":"ja","_original_post":"https:\/\/oito-mares.co.jp\/?page_id=538","sns_share_botton_hide":"","vkExUnit_sns_title":"","_vk_print_noindex":"","sitemap_hide":"","vkExUnit_sitemap":"","_veu_custom_css":"","veu_display_promotion_alert":"common","_exclude_from_list_pages":"","vkexunit_cta_each_option":"","vkExUnit_childPageIndex":"","vkExUnit_pageList_ancestor":"","vkExUnit_contact_enable":"","footnotes":""},"class_list":["post-538","page","type-page","status-publish","hentry","ja"],"veu_head_title_object":{"title":"","add_site_title":""},"_links":{"self":[{"href":"https:\/\/oito-mares.co.jp\/index.php?rest_route=\/wp\/v2\/pages\/538","targetHints":{"allow":["GET"]}}],"collection":[{"href":"https:\/\/oito-mares.co.jp\/index.php?rest_route=\/wp\/v2\/pages"}],"about":[{"href":"https:\/\/oito-mares.co.jp\/index.php?rest_route=\/wp\/v2\/types\/page"}],"author":[{"embeddable":true,"href":"https:\/\/oito-mares.co.jp\/index.php?rest_route=\/wp\/v2\/users\/1"}],"replies":[{"embeddable":true,"href":"https:\/\/oito-mares.co.jp\/index.php?rest_route=%2Fwp%2Fv2%2Fcomments&post=538"}],"version-history":[{"count":11,"href":"https:\/\/oito-mares.co.jp\/index.php?rest_route=\/wp\/v2\/pages\/538\/revisions"}],"predecessor-version":[{"id":1997,"href":"https:\/\/oito-mares.co.jp\/index.php?rest_route=\/wp\/v2\/pages\/538\/revisions\/1997"}],"wp:attachment":[{"href":"https:\/\/oito-mares.co.jp\/index.php?rest_route=%2Fwp%2Fv2%2Fmedia&parent=538"}],"curies":[{"name":"wp","href":"https:\/\/api.w.org\/{rel}","templated":true}]}}